{"id":420,"date":"2023-02-03T13:58:52","date_gmt":"2023-02-03T13:58:52","guid":{"rendered":"https:\/\/pectcollectionservices.com\/?page_id=420"},"modified":"2026-01-03T10:10:26","modified_gmt":"2026-01-03T10:10:26","slug":"credit-control-tips","status":"publish","type":"page","link":"https:\/\/pectcollectionservices.com\/index.php\/credit-control-tips\/","title":{"rendered":"Credit Control Tips"},"content":{"rendered":"\t\t<div data-elementor-type=\"wp-page\" data-elementor-id=\"420\" class=\"elementor elementor-420\" data-elementor-post-type=\"page\">\n\t\t\t\t\t\t<section class=\"elementor-section elementor-top-section elementor-element elementor-element-58d0277 elementor-section-boxed elementor-section-height-default elementor-section-height-default\" data-id=\"58d0277\" data-element_type=\"section\" data-settings=\"{&quot;background_background&quot;:&quot;classic&quot;}\">\n\t\t\t\t\t\t\t<div class=\"elementor-background-overlay\"><\/div>\n\t\t\t\t\t\t\t<div class=\"elementor-container elementor-column-gap-default\">\n\t\t\t\t\t<div class=\"elementor-column elementor-col-100 elementor-top-column elementor-element elementor-element-36cfdbc\" data-id=\"36cfdbc\" data-element_type=\"column\">\n\t\t\t<div class=\"elementor-widget-wrap elementor-element-populated\">\n\t\t\t\t\t\t<div class=\"elementor-element elementor-element-7b87a20 elementor-grid-3 elementor-grid-tablet-2 elementor-grid-mobile-1 elementor-posts--thumbnail-top elementor-card-shadow-yes elementor-posts__hover-gradient elementor-widget elementor-widget-posts\" data-id=\"7b87a20\" data-element_type=\"widget\" data-settings=\"{&quot;cards_row_gap&quot;:{&quot;unit&quot;:&quot;px&quot;,&quot;size&quot;:36,&quot;sizes&quot;:[]},&quot;cards_columns&quot;:&quot;3&quot;,&quot;cards_columns_tablet&quot;:&quot;2&quot;,&quot;cards_columns_mobile&quot;:&quot;1&quot;,&quot;cards_row_gap_tablet&quot;:{&quot;unit&quot;:&quot;px&quot;,&quot;size&quot;:&quot;&quot;,&quot;sizes&quot;:[]},&quot;cards_row_gap_mobile&quot;:{&quot;unit&quot;:&quot;px&quot;,&quot;size&quot;:&quot;&quot;,&quot;sizes&quot;:[]}}\" data-widget_type=\"posts.cards\">\n\t\t\t\t<div class=\"elementor-widget-container\">\n\t\t\t\t\t\t\t<div class=\"elementor-posts-container elementor-posts elementor-posts--skin-cards elementor-grid\" role=\"list\">\n\t\t\t\t<article class=\"elementor-post elementor-grid-item post-2167 post type-post status-publish format-standard hentry category-tips\" role=\"listitem\">\n\t\t\t<div class=\"elementor-post__card\">\n\t\t\t\t<div class=\"elementor-post__text\">\n\t\t\t\t<h3 class=\"elementor-post__title\">\n\t\t\t<a href=\"https:\/\/pectcollectionservices.com\/index.php\/2026\/05\/06\/casoola-review-compleet-overzicht-voor-belgische-spelers\/\" >\n\t\t\t\tCasoola review: compleet overzicht voor Belgische spelers\t\t\t<\/a>\n\t\t<\/h3>\n\t\t\t\t<div class=\"elementor-post__excerpt\">\n\t\t\t<p>Casoola: Praktische handleiding voor Belgische casino\u2011liefhebbers Casoola is een online platform dat een breed scala aan casino\u2011games, sportweddenschappen en live dealer\u2011opties aanbiedt. Voor Belgische spelers<\/p>\n\t\t<\/div>\n\t\t\n\t\t<a class=\"elementor-post__read-more\" href=\"https:\/\/pectcollectionservices.com\/index.php\/2026\/05\/06\/casoola-review-compleet-overzicht-voor-belgische-spelers\/\" aria-label=\"Read more about Casoola review: compleet overzicht voor Belgische spelers\" tabindex=\"-1\" >\n\t\t\tRead More \u00bb\t\t<\/a>\n\n\t\t\t\t<\/div>\n\t\t\t\t\t<\/div>\n\t\t<\/article>\n\t\t\t\t<article class=\"elementor-post elementor-grid-item post-2161 post type-post status-publish format-standard hentry category-tips\" role=\"listitem\">\n\t\t\t<div class=\"elementor-post__card\">\n\t\t\t\t<div class=\"elementor-post__text\">\n\t\t\t\t<h3 class=\"elementor-post__title\">\n\t\t\t<a href=\"https:\/\/pectcollectionservices.com\/index.php\/2026\/05\/05\/a16z-generative-ai\/\" >\n\t\t\t\ta16z generative ai\t\t\t<\/a>\n\t\t<\/h3>\n\t\t\t\t<div class=\"elementor-post__excerpt\">\n\t\t\t<p>Hippocratic AI raises $141M to staff hospitals with clinical AI agents Story Partners with Stability AI to Empower Open-Source Innovation for Creators and Developers Meanwhile,<\/p>\n\t\t<\/div>\n\t\t\n\t\t<a class=\"elementor-post__read-more\" href=\"https:\/\/pectcollectionservices.com\/index.php\/2026\/05\/05\/a16z-generative-ai\/\" aria-label=\"Read more about a16z generative ai\" tabindex=\"-1\" >\n\t\t\tRead More \u00bb\t\t<\/a>\n\n\t\t\t\t<\/div>\n\t\t\t\t\t<\/div>\n\t\t<\/article>\n\t\t\t\t<article class=\"elementor-post elementor-grid-item post-2158 post type-post status-publish format-standard hentry category-tips\" role=\"listitem\">\n\t\t\t<div class=\"elementor-post__card\">\n\t\t\t\t<div class=\"elementor-post__text\">\n\t\t\t\t<h3 class=\"elementor-post__title\">\n\t\t\t<a href=\"https:\/\/pectcollectionservices.com\/index.php\/2024\/04\/27\/opinie-o-promocjach-kasyna-vavada-w-roku-2026\/\" >\n\t\t\t\tOpinie o promocjach kasyna Vavada w roku 2026\t\t\t<\/a>\n\t\t<\/h3>\n\t\t\t\t<div class=\"elementor-post__excerpt\">\n\t\t\t<p>Opinie o promocjach kasyna Vavada w 2026 roku Opinie o promocjach kasyna Vavada w roku 2026 Warto skupi\u0107 si\u0119 na atrakcyjnych ofertach, kt\u00f3re przyci\u0105gaj\u0105 graczy<\/p>\n\t\t<\/div>\n\t\t\n\t\t<a class=\"elementor-post__read-more\" href=\"https:\/\/pectcollectionservices.com\/index.php\/2024\/04\/27\/opinie-o-promocjach-kasyna-vavada-w-roku-2026\/\" aria-label=\"Read more about Opinie o promocjach kasyna Vavada w roku 2026\" tabindex=\"-1\" >\n\t\t\tRead More \u00bb\t\t<\/a>\n\n\t\t\t\t<\/div>\n\t\t\t\t\t<\/div>\n\t\t<\/article>\n\t\t\t\t<article class=\"elementor-post elementor-grid-item post-2166 post type-post status-publish format-standard hentry category-tips\" role=\"listitem\">\n\t\t\t<div class=\"elementor-post__card\">\n\t\t\t\t<div class=\"elementor-post__text\">\n\t\t\t\t<h3 class=\"elementor-post__title\">\n\t\t\t<a href=\"https:\/\/pectcollectionservices.com\/index.php\/2024\/03\/29\/novye-bonusy-i-aktsii-kazino-vavada-dlia-igrokov-2\/\" >\n\t\t\t\t\u041d\u043e\u0432\u044b\u0435 \u0431\u043e\u043d\u0443\u0441\u044b \u0438 \u0430\u043a\u0446\u0438\u0438 \u043a\u0430\u0437\u0438\u043d\u043e \u0412\u0430\u0432\u0430\u0434\u0430 \u0434\u043b\u044f \u0438\u0433\u0440\u043e\u043a\u043e\u0432\t\t\t<\/a>\n\t\t<\/h3>\n\t\t\t\t<div class=\"elementor-post__excerpt\">\n\t\t\t<p>\u0410\u043a\u0446\u0438\u0438 \u0438 \u0431\u043e\u043d\u0443\u0441\u044b \u043a\u0430\u0437\u0438\u043d\u043e \u0412\u0430\u0432\u0430\u0434\u0430 \u0434\u043b\u044f \u043d\u043e\u0432\u044b\u0445 \u0438\u0433\u0440\u043e\u043a\u043e\u0432 \u041d\u043e\u0432\u044b\u0435 \u0431\u043e\u043d\u0443\u0441\u044b \u0438 \u0430\u043a\u0446\u0438\u0438 \u043a\u0430\u0437\u0438\u043d\u043e \u0412\u0430\u0432\u0430\u0434\u0430 \u0434\u043b\u044f \u0438\u0433\u0440\u043e\u043a\u043e\u0432 \u0414\u043b\u044f \u043d\u0430\u0447\u0430\u043b\u0430, \u0440\u0435\u043a\u043e\u043c\u0435\u043d\u0434\u0443\u0435\u043c \u0442\u0449\u0430\u0442\u0435\u043b\u044c\u043d\u043e \u0438\u0437\u0443\u0447\u0438\u0442\u044c \u043f\u0440\u0435\u0434\u043b\u043e\u0436\u0435\u043d\u0438\u044f, \u043a\u043e\u0442\u043e\u0440\u044b\u0435 \u0434\u043e\u0441\u0442\u0443\u043f\u043d\u044b \u043f\u0440\u0438<\/p>\n\t\t<\/div>\n\t\t\n\t\t<a class=\"elementor-post__read-more\" href=\"https:\/\/pectcollectionservices.com\/index.php\/2024\/03\/29\/novye-bonusy-i-aktsii-kazino-vavada-dlia-igrokov-2\/\" aria-label=\"Read more about \u041d\u043e\u0432\u044b\u0435 \u0431\u043e\u043d\u0443\u0441\u044b \u0438 \u0430\u043a\u0446\u0438\u0438 \u043a\u0430\u0437\u0438\u043d\u043e \u0412\u0430\u0432\u0430\u0434\u0430 \u0434\u043b\u044f \u0438\u0433\u0440\u043e\u043a\u043e\u0432\" tabindex=\"-1\" >\n\t\t\tRead More \u00bb\t\t<\/a>\n\n\t\t\t\t<\/div>\n\t\t\t\t\t<\/div>\n\t\t<\/article>\n\t\t\t\t<article class=\"elementor-post elementor-grid-item post-2160 post type-post status-publish format-standard hentry category-tips\" role=\"listitem\">\n\t\t\t<div class=\"elementor-post__card\">\n\t\t\t\t<div class=\"elementor-post__text\">\n\t\t\t\t<h3 class=\"elementor-post__title\">\n\t\t\t<a href=\"https:\/\/pectcollectionservices.com\/index.php\/2024\/02\/18\/opinie-o-promocjach-kasyna-vavada-w-roku-2026-2\/\" >\n\t\t\t\tOpinie o promocjach kasyna Vavada w roku 2026\t\t\t<\/a>\n\t\t<\/h3>\n\t\t\t\t<div class=\"elementor-post__excerpt\">\n\t\t\t<p>Opinie o promocjach kasyna Vavada w 2026 roku Opinie o promocjach kasyna Vavada w roku 2026 Warto skupi\u0107 si\u0119 na atrakcyjnych ofertach, kt\u00f3re przyci\u0105gaj\u0105 graczy<\/p>\n\t\t<\/div>\n\t\t\n\t\t<a class=\"elementor-post__read-more\" href=\"https:\/\/pectcollectionservices.com\/index.php\/2024\/02\/18\/opinie-o-promocjach-kasyna-vavada-w-roku-2026-2\/\" aria-label=\"Read more about Opinie o promocjach kasyna Vavada w roku 2026\" tabindex=\"-1\" >\n\t\t\tRead More \u00bb\t\t<\/a>\n\n\t\t\t\t<\/div>\n\t\t\t\t\t<\/div>\n\t\t<\/article>\n\t\t\t\t<article class=\"elementor-post elementor-grid-item post-768 post type-post status-publish format-standard hentry category-tips\" role=\"listitem\">\n\t\t\t<div class=\"elementor-post__card\">\n\t\t\t\t<div class=\"elementor-post__text\">\n\t\t\t\t<h3 class=\"elementor-post__title\">\n\t\t\t<a href=\"https:\/\/pectcollectionservices.com\/index.php\/2024\/01\/19\/licenzeti-kazino-latvija-un-to-klientu-prieksrocibas-2\/\" >\n\t\t\t\tLicenz\u0113ti kazino Latvij\u0101 un to klientu priek\u0161roc\u012bbas\t\t\t<\/a>\n\t\t<\/h3>\n\t\t\t\t<div class=\"elementor-post__excerpt\">\n\t\t\t<p>Licenc\u0113ti kazino Latvij\u0101 un to klientu priek\u0161roc\u012bbas Licenz\u0113ti kazino Latvij\u0101 un to klientu priek\u0161roc\u012bbas Izv\u0113loties dro\u0161u un uzticamu sp\u0113\u013cu platformu, pied\u0101v\u0101jumu daudzveid\u012bba ir viens no<\/p>\n\t\t<\/div>\n\t\t\n\t\t<a class=\"elementor-post__read-more\" href=\"https:\/\/pectcollectionservices.com\/index.php\/2024\/01\/19\/licenzeti-kazino-latvija-un-to-klientu-prieksrocibas-2\/\" aria-label=\"Read more about Licenz\u0113ti kazino Latvij\u0101 un to klientu priek\u0161roc\u012bbas\" tabindex=\"-1\" >\n\t\t\tRead More \u00bb\t\t<\/a>\n\n\t\t\t\t<\/div>\n\t\t\t\t\t<\/div>\n\t\t<\/article>\n\t\t\t\t<\/div>\n\t\t\n\t\t\t\t\t\t<\/div>\n\t\t\t\t<\/div>\n\t\t\t\t\t<\/div>\n\t\t<\/div>\n\t\t\t\t\t<\/div>\n\t\t<\/section>\n\t\t\t\t<\/div>\n\t\t","protected":false},"excerpt":{"rendered":"","protected":false},"author":1,"featured_media":0,"parent":0,"menu_order":0,"comment_status":"closed","ping_status":"closed","template":"","meta":{"_joinchat":[],"footnotes":""},"class_list":["post-420","page","type-page","status-publish","hentry"],"yoast_head":"<!-- This site is optimized with the Yoast SEO plugin v26.6 - https:\/\/yoast.com\/wordpress\/plugins\/seo\/ -->\n<title>Credit Control Tips | Pect Collection Services<\/title>\n<meta name=\"robots\" content=\"index, follow, max-snippet:-1, max-image-preview:large, max-video-preview:-1\" \/>\n<link rel=\"canonical\" href=\"https:\/\/pectcollectionservices.com\/index.php\/credit-control-tips\/\" \/>\n<meta property=\"og:locale\" content=\"en_US\" \/>\n<meta property=\"og:type\" content=\"article\" \/>\n<meta property=\"og:title\" content=\"Credit Control Tips | Pect Collection Services\" \/>\n<meta property=\"og:url\" content=\"https:\/\/pectcollectionservices.com\/index.php\/credit-control-tips\/\" \/>\n<meta property=\"og:site_name\" content=\"Pect Collection Services\" \/>\n<meta property=\"article:publisher\" content=\"https:\/\/www.facebook.com\/people\/Pect-Collection-Services\/100075810687165\/\" \/>\n<meta property=\"article:modified_time\" content=\"2026-01-03T10:10:26+00:00\" \/>\n<meta property=\"og:image\" content=\"https:\/\/pectcollectionservices.com\/wp-content\/uploads\/2023\/02\/ten-tips-to-get-your-customers-to-pay-on-time.jpg\" \/>\n\t<meta property=\"og:image:width\" content=\"1200\" \/>\n\t<meta property=\"og:image:height\" content=\"600\" \/>\n\t<meta property=\"og:image:type\" content=\"image\/jpeg\" \/>\n<meta name=\"twitter:card\" content=\"summary_large_image\" \/>\n<meta name=\"twitter:site\" content=\"@PectServices\" \/>\n<meta name=\"twitter:label1\" content=\"Est. reading time\" \/>\n\t<meta name=\"twitter:data1\" content=\"3 minutes\" \/>\n<script type=\"application\/ld+json\" class=\"yoast-schema-graph\">{\"@context\":\"https:\/\/schema.org\",\"@graph\":[{\"@type\":\"WebPage\",\"@id\":\"https:\/\/pectcollectionservices.com\/index.php\/credit-control-tips\/\",\"url\":\"https:\/\/pectcollectionservices.com\/index.php\/credit-control-tips\/\",\"name\":\"Credit Control Tips | Pect Collection Services\",\"isPartOf\":{\"@id\":\"https:\/\/pectcollectionservices.com\/#website\"},\"datePublished\":\"2023-02-03T13:58:52+00:00\",\"dateModified\":\"2026-01-03T10:10:26+00:00\",\"breadcrumb\":{\"@id\":\"https:\/\/pectcollectionservices.com\/index.php\/credit-control-tips\/#breadcrumb\"},\"inLanguage\":\"en-US\",\"potentialAction\":[{\"@type\":\"ReadAction\",\"target\":[\"https:\/\/pectcollectionservices.com\/index.php\/credit-control-tips\/\"]}]},{\"@type\":\"BreadcrumbList\",\"@id\":\"https:\/\/pectcollectionservices.com\/index.php\/credit-control-tips\/#breadcrumb\",\"itemListElement\":[{\"@type\":\"ListItem\",\"position\":1,\"name\":\"Home\",\"item\":\"https:\/\/pectcollectionservices.com\/\"},{\"@type\":\"ListItem\",\"position\":2,\"name\":\"Credit Control Tips\"}]},{\"@type\":\"WebSite\",\"@id\":\"https:\/\/pectcollectionservices.com\/#website\",\"url\":\"https:\/\/pectcollectionservices.com\/\",\"name\":\"Pect Collection Services\",\"description\":\"Your Credit \/ Debt Management Partner\",\"publisher\":{\"@id\":\"https:\/\/pectcollectionservices.com\/#organization\"},\"alternateName\":\"Pect Credit\/ Debt Collection Services\",\"potentialAction\":[{\"@type\":\"SearchAction\",\"target\":{\"@type\":\"EntryPoint\",\"urlTemplate\":\"https:\/\/pectcollectionservices.com\/?s={search_term_string}\"},\"query-input\":{\"@type\":\"PropertyValueSpecification\",\"valueRequired\":true,\"valueName\":\"search_term_string\"}}],\"inLanguage\":\"en-US\"},{\"@type\":\"Organization\",\"@id\":\"https:\/\/pectcollectionservices.com\/#organization\",\"name\":\"Pect Collection Services\",\"alternateName\":\"Pect collection services - Your Credit \/ Debt Management Partner\",\"url\":\"https:\/\/pectcollectionservices.com\/\",\"logo\":{\"@type\":\"ImageObject\",\"inLanguage\":\"en-US\",\"@id\":\"https:\/\/pectcollectionservices.com\/#\/schema\/logo\/image\/\",\"url\":\"https:\/\/pectcollectionservices.com\/wp-content\/uploads\/2023\/01\/pect-favicon.png\",\"contentUrl\":\"https:\/\/pectcollectionservices.com\/wp-content\/uploads\/2023\/01\/pect-favicon.png\",\"width\":108,\"height\":104,\"caption\":\"Pect Collection Services\"},\"image\":{\"@id\":\"https:\/\/pectcollectionservices.com\/#\/schema\/logo\/image\/\"},\"sameAs\":[\"https:\/\/www.facebook.com\/people\/Pect-Collection-Services\/100075810687165\/\",\"https:\/\/x.com\/PectServices\"]}]}<\/script>\n<!-- \/ Yoast SEO plugin. -->","yoast_head_json":{"title":"Credit Control Tips | Pect Collection Services","robots":{"index":"index","follow":"follow","max-snippet":"max-snippet:-1","max-image-preview":"max-image-preview:large","max-video-preview":"max-video-preview:-1"},"canonical":"https:\/\/pectcollectionservices.com\/index.php\/credit-control-tips\/","og_locale":"en_US","og_type":"article","og_title":"Credit Control Tips | Pect Collection Services","og_url":"https:\/\/pectcollectionservices.com\/index.php\/credit-control-tips\/","og_site_name":"Pect Collection Services","article_publisher":"https:\/\/www.facebook.com\/people\/Pect-Collection-Services\/100075810687165\/","article_modified_time":"2026-01-03T10:10:26+00:00","og_image":[{"width":1200,"height":600,"url":"https:\/\/pectcollectionservices.com\/wp-content\/uploads\/2023\/02\/ten-tips-to-get-your-customers-to-pay-on-time.jpg","type":"image\/jpeg"}],"twitter_card":"summary_large_image","twitter_site":"@PectServices","twitter_misc":{"Est. reading time":"3 minutes"},"schema":{"@context":"https:\/\/schema.org","@graph":[{"@type":"WebPage","@id":"https:\/\/pectcollectionservices.com\/index.php\/credit-control-tips\/","url":"https:\/\/pectcollectionservices.com\/index.php\/credit-control-tips\/","name":"Credit Control Tips | Pect Collection Services","isPartOf":{"@id":"https:\/\/pectcollectionservices.com\/#website"},"datePublished":"2023-02-03T13:58:52+00:00","dateModified":"2026-01-03T10:10:26+00:00","breadcrumb":{"@id":"https:\/\/pectcollectionservices.com\/index.php\/credit-control-tips\/#breadcrumb"},"inLanguage":"en-US","potentialAction":[{"@type":"ReadAction","target":["https:\/\/pectcollectionservices.com\/index.php\/credit-control-tips\/"]}]},{"@type":"BreadcrumbList","@id":"https:\/\/pectcollectionservices.com\/index.php\/credit-control-tips\/#breadcrumb","itemListElement":[{"@type":"ListItem","position":1,"name":"Home","item":"https:\/\/pectcollectionservices.com\/"},{"@type":"ListItem","position":2,"name":"Credit Control Tips"}]},{"@type":"WebSite","@id":"https:\/\/pectcollectionservices.com\/#website","url":"https:\/\/pectcollectionservices.com\/","name":"Pect Collection Services","description":"Your Credit \/ Debt Management Partner","publisher":{"@id":"https:\/\/pectcollectionservices.com\/#organization"},"alternateName":"Pect Credit\/ Debt Collection Services","potentialAction":[{"@type":"SearchAction","target":{"@type":"EntryPoint","urlTemplate":"https:\/\/pectcollectionservices.com\/?s={search_term_string}"},"query-input":{"@type":"PropertyValueSpecification","valueRequired":true,"valueName":"search_term_string"}}],"inLanguage":"en-US"},{"@type":"Organization","@id":"https:\/\/pectcollectionservices.com\/#organization","name":"Pect Collection Services","alternateName":"Pect collection services - Your Credit \/ Debt Management Partner","url":"https:\/\/pectcollectionservices.com\/","logo":{"@type":"ImageObject","inLanguage":"en-US","@id":"https:\/\/pectcollectionservices.com\/#\/schema\/logo\/image\/","url":"https:\/\/pectcollectionservices.com\/wp-content\/uploads\/2023\/01\/pect-favicon.png","contentUrl":"https:\/\/pectcollectionservices.com\/wp-content\/uploads\/2023\/01\/pect-favicon.png","width":108,"height":104,"caption":"Pect Collection Services"},"image":{"@id":"https:\/\/pectcollectionservices.com\/#\/schema\/logo\/image\/"},"sameAs":["https:\/\/www.facebook.com\/people\/Pect-Collection-Services\/100075810687165\/","https:\/\/x.com\/PectServices"]}]}},"_links":{"self":[{"href":"https:\/\/pectcollectionservices.com\/index.php\/wp-json\/wp\/v2\/pages\/420","targetHints":{"allow":["GET"]}}],"collection":[{"href":"https:\/\/pectcollectionservices.com\/index.php\/wp-json\/wp\/v2\/pages"}],"about":[{"href":"https:\/\/pectcollectionservices.com\/index.php\/wp-json\/wp\/v2\/types\/page"}],"author":[{"embeddable":true,"href":"https:\/\/pectcollectionservices.com\/index.php\/wp-json\/wp\/v2\/users\/1"}],"replies":[{"embeddable":true,"href":"https:\/\/pectcollectionservices.com\/index.php\/wp-json\/wp\/v2\/comments?post=420"}],"version-history":[{"count":19,"href":"https:\/\/pectcollectionservices.com\/index.php\/wp-json\/wp\/v2\/pages\/420\/revisions"}],"predecessor-version":[{"id":754,"href":"https:\/\/pectcollectionservices.com\/index.php\/wp-json\/wp\/v2\/pages\/420\/revisions\/754"}],"wp:attachment":[{"href":"https:\/\/pectcollectionservices.com\/index.php\/wp-json\/wp\/v2\/media?parent=420"}],"curies":[{"name":"wp","href":"https:\/\/api.w.org\/{rel}","templated":true}]}}